{"id":70,"date":"2015-02-11T12:16:48","date_gmt":"2015-02-11T12:16:48","guid":{"rendered":"http:\/\/theoneplanetlife.com\/?page_id=70"},"modified":"2022-08-10T09:57:23","modified_gmt":"2022-08-10T08:57:23","slug":"sustainable-building-case-study","status":"publish","type":"page","link":"https:\/\/theoneplanetlife.com\/cy\/the-science-of-one-planet-living\/sustainable-building-case-study\/","title":{"rendered":"Dyluniad adeilad effaith isel"},"content":{"rendered":"<p>Mae'r cynllun hwn am d\u0177 arddull goddefol effaith isel yn fodiwlaidd o ran gall arwynebedd y cynllun fod yn lluosog unrhyw bellter rhwng stydiau waliau o ran dyfnder neu led, i greu adeiladau mwy o faint. Yn strwythurol, gall fod o leiaf dau lawr.<\/p>\n<div id=\"attachment_71\" class=\"wp-caption alignright\" ><img data-attachment-id=\"71\" data-permalink=\"https:\/\/theoneplanetlife.com\/cy\/the-science-of-one-planet-living\/sustainable-building-case-study\/10-81-sm\/\" data-orig-file=\"https:\/\/i0.wp.com\/theoneplanetlife.com\/wp-content\/uploads\/2015\/02\/10.81-sm.jpg?fit=200%2C152&amp;ssl=1\" data-orig-size=\"200,152\" data-comments-opened=\"1\" data-image-meta=\"{&quot;aperture&quot;:&quot;0&quot;,&quot;credit&quot;:&quot;&quot;,&quot;camera&quot;:&quot;&quot;,&quot;caption&quot;:&quot;&quot;,&quot;created_timestamp&quot;:&quot;0&quot;,&quot;copyright&quot;:&quot;&quot;,&quot;focal_length&quot;:&quot;0&quot;,&quot;iso&quot;:&quot;0&quot;,&quot;shutter_speed&quot;:&quot;0&quot;,&quot;title&quot;:&quot;&quot;,&quot;orientation&quot;:&quot;0&quot;}\" data-image-title=\"modular sustainable building\" data-image-description=\"\" data-image-caption=\"&lt;p&gt;Modular sustainable building&lt;\/p&gt;\" data-medium-file=\"https:\/\/i0.wp.com\/theoneplanetlife.com\/wp-content\/uploads\/2015\/02\/10.81-sm.jpg?fit=200%2C152&amp;ssl=1\" data-large-file=\"https:\/\/i0.wp.com\/theoneplanetlife.com\/wp-content\/uploads\/2015\/02\/10.81-sm.jpg?fit=200%2C152&amp;ssl=1\" loading=\"lazy\" class=\"size-full wp-image-71\" src=\"https:\/\/i0.wp.com\/theoneplanetlife.com\/wp-content\/uploads\/2015\/02\/10.81-sm.jpg?resize=200%2C152\" alt=\"Studio as a modular sustainable building\" width=\"200\" height=\"152\" data-recalc-dims=\"1\" \/><p class=\"wp-caption-text\">Adeilad cynaliadwy modiwlaidd<\/p><\/div>\n<div id=\"attachment_72\" class=\"wp-caption alignnone\" ><a href=\"https:\/\/i2.wp.com\/theoneplanetlife.com\/wp-content\/uploads\/2015\/02\/10.82-sm.jpg\"><img data-attachment-id=\"72\" data-permalink=\"https:\/\/theoneplanetlife.com\/cy\/the-science-of-one-planet-living\/sustainable-building-case-study\/10-82-sm\/\" data-orig-file=\"https:\/\/i2.wp.com\/theoneplanetlife.com\/wp-content\/uploads\/2015\/02\/10.82-sm.jpg?fit=300%2C322&amp;ssl=1\" data-orig-size=\"300,322\" data-comments-opened=\"1\" data-image-meta=\"{&quot;aperture&quot;:&quot;0&quot;,&quot;credit&quot;:&quot;&quot;,&quot;camera&quot;:&quot;&quot;,&quot;caption&quot;:&quot;&quot;,&quot;created_timestamp&quot;:&quot;0&quot;,&quot;copyright&quot;:&quot;&quot;,&quot;focal_length&quot;:&quot;0&quot;,&quot;iso&quot;:&quot;0&quot;,&quot;shutter_speed&quot;:&quot;0&quot;,&quot;title&quot;:&quot;&quot;,&quot;orientation&quot;:&quot;0&quot;}\" data-image-title=\"Part of the floor plan of a modular sustainable building\" data-image-description=\"\" data-image-caption=\"&lt;p&gt;Part of the floor plan of a modular sustainable building&lt;\/p&gt;\" data-medium-file=\"https:\/\/i2.wp.com\/theoneplanetlife.com\/wp-content\/uploads\/2015\/02\/10.82-sm.jpg?fit=280%2C300&amp;ssl=1\" data-large-file=\"https:\/\/i2.wp.com\/theoneplanetlife.com\/wp-content\/uploads\/2015\/02\/10.82-sm.jpg?fit=300%2C322&amp;ssl=1\" loading=\"lazy\" class=\"size-full wp-image-72\" src=\"https:\/\/i2.wp.com\/theoneplanetlife.com\/wp-content\/uploads\/2015\/02\/10.82-sm.jpg?resize=300%2C322\" alt=\"Part of the floor plan of a modular sustainable building\" width=\"300\" height=\"322\" srcset=\"https:\/\/i2.wp.com\/theoneplanetlife.com\/wp-content\/uploads\/2015\/02\/10.82-sm.jpg?w=300&amp;ssl=1 300w, https:\/\/i2.wp.com\/theoneplanetlife.com\/wp-content\/uploads\/2015\/02\/10.82-sm.jpg?resize=280%2C300&amp;ssl=1 280w\" sizes=\"(max-width: 300px) 100vw, 300px\" data-recalc-dims=\"1\" \/><\/a><p class=\"wp-caption-text\">Rhan o gynllun llawr adeilad cynaliadwy modiwlaidd<\/p><\/div>\n<p>Mae'r adeilad yn gorwedd ar sliperi rheilffordd sy'n gorffwys ar hen deiars wedi'u llenwi  hemcrit (gall fod yn llawn pridd neu goncrit), heb fod angen sylfeini.<\/p>\n<p>Mae'r ffr\u00e2m o bren, wedi'i inswleiddio gyda ffeibr pren ac inswleiddiad papur newydd wedi'i ailgylchu (cellwlos) (y rhataf), ac yn cynnwys ffenestri sy'n wynebu'r de, tair gwydriad a ardystiwyd gan Passivhaus i gipio gwres yr haul, rendr calch ac yn gwbl anadladwy.<\/p>\n<p>Mae hyn yn gwneud yr adeilad yn ddi-garbon o leiaf, gan fod carbon atmosfferig yn cael ei gloi yn y strwythur ac nid oes angen bron dim mewnbwn ynni i wresogi nac oeri. Yn wir, mae'r ynni a ddefnyddir yn adnewyddadwy, felly mae'r adeilad yn cynhyrchu 'negawatiau'.<\/p>\n<p>Mae gan y llawr deiliau cerameg du i amsugno gwres yr haul. Mae'r to yr oleddf ychydig am yn \u00f4l o'r blaen ac mae ganddo do gwyrdd wedi'i blannu \u00e2 bywlys sy'n denu gwenyn ac ieir bach yr haf. Ceir gwter yn y cefn.<\/p>\n<div id=\"attachment_73\" class=\"wp-caption alignright\" ><a href=\"https:\/\/i2.wp.com\/theoneplanetlife.com\/wp-content\/uploads\/2015\/02\/10.84-sm.jpg\"><img data-attachment-id=\"73\" data-permalink=\"https:\/\/theoneplanetlife.com\/cy\/the-science-of-one-planet-living\/sustainable-building-case-study\/10-84-sm\/\" data-orig-file=\"https:\/\/i2.wp.com\/theoneplanetlife.com\/wp-content\/uploads\/2015\/02\/10.84-sm.jpg?fit=200%2C117&amp;ssl=1\" data-orig-size=\"200,117\" data-comments-opened=\"1\" data-image-meta=\"{&quot;aperture&quot;:&quot;0&quot;,&quot;credit&quot;:&quot;&quot;,&quot;camera&quot;:&quot;&quot;,&quot;caption&quot;:&quot;&quot;,&quot;created_timestamp&quot;:&quot;0&quot;,&quot;copyright&quot;:&quot;&quot;,&quot;focal_length&quot;:&quot;0&quot;,&quot;iso&quot;:&quot;0&quot;,&quot;shutter_speed&quot;:&quot;0&quot;,&quot;title&quot;:&quot;&quot;,&quot;orientation&quot;:&quot;0&quot;}\" data-image-title=\"The studio&#8217;s insulated floor (woodfibre batts and Warmcel) and interlocking cladding on the outside, sitting on the tyres, before rendering.\" data-image-description=\"\" data-image-caption=\"&lt;p&gt;The studio&#8217;s insulated floor (woodfibre batts and Warmcel) and interlocking cladding on the outside, sitting on the tyres, before rendering.&lt;\/p&gt;\" data-medium-file=\"https:\/\/i2.wp.com\/theoneplanetlife.com\/wp-content\/uploads\/2015\/02\/10.84-sm.jpg?fit=200%2C117&amp;ssl=1\" data-large-file=\"https:\/\/i2.wp.com\/theoneplanetlife.com\/wp-content\/uploads\/2015\/02\/10.84-sm.jpg?fit=200%2C117&amp;ssl=1\" loading=\"lazy\" class=\"size-full wp-image-73\" src=\"https:\/\/i2.wp.com\/theoneplanetlife.com\/wp-content\/uploads\/2015\/02\/10.84-sm.jpg?resize=200%2C117\" alt=\"The studio's insulated floor (woodfibre batts and Warmcel) and interlocking cladding on the outside, sitting on the tyres, before rendering.\" width=\"200\" height=\"117\" data-recalc-dims=\"1\" \/><\/a><p class=\"wp-caption-text\">Y llawr inswleiddiedig (batiau ffibr pren a Warmcel) a'r cladin sy'n cydgloi ar y tu allan, yn gorwedd ar y teiars, cyn rendro.<\/p><\/div>\n<p>Mae'r system wresogi yn drydanol, o dan y llawr, sydd yn fwy effeithlon, ond nid oes fawr ei hangen. Dewiswyd hyn am fod y gofynion gwresogi atodol yn fychan iawn; mae'n effeithlon; mae'r adeilad yn rhedeg ar drydan adnewyddadwy; a dim st\u00f4f bren er mwyn osgoi rhoi twll yn yr amlen thermol i gael twll yn y nenfwd (byddai hefyd yn galw am awyriad i gyflenwi ocsigen ffres yn lle'r ocsigen a gaiff ei losgi!).<\/p>\n<p>Mae pontio thermol wedi'i waredu'n llwyr yn bennaf gan y cladin yr holl ffordd o'i amgylch gyda byrddau ffibr pren tafodi a rhigoli wedi'u trwytho mewn c\u0175yr (i'w gwneud yn wrthdd\u0175r), a gorffeniad rendr calch sydd ei hun \u00e2 nodwedd inswleiddio fechan.<\/p>\n<p>Gall yr adeilad, ac fe gafodd, ei adeiladu gan adeiladwr confensiynol a oruchwyliwyd yn dda.<\/p>\n<p><a title=\"Cysylltu \u00e2 ni\" href=\"https:\/\/theoneplanetlife.com\/cy\/services\/contact-us\/\">Cysylltu \u00e2 ni <\/a>os hoffech ddylunio a manylebu adeilad fel hwn.<\/p>","protected":false},"excerpt":{"rendered":"<p>This plan for a passive house style low impact building\u00a0is modular in the sense that the plan area can be any multiple of the distance between wall studs in depth or width, to create buildings that are larger. Structurally, it&#8230; <a class=\"more-link\" href=\"https:\/\/theoneplanetlife.com\/cy\/the-science-of-one-planet-living\/sustainable-building-case-study\/\">Continue Reading &rarr;<\/a><\/p>","protected":false},"author":1,"featured_media":0,"parent":2,"menu_order":10,"comment_status":"open","ping_status":"closed","template":"","meta":{"spay_email":""},"jetpack_shortlink":"https:\/\/wp.me\/P8HWPV-18","jetpack-related-posts":[{"id":60,"url":"https:\/\/theoneplanetlife.com\/cy\/publications\/the-one-planet-life-book\/contents\/","url_meta":{"origin":70,"position":0},"title":"Contents","date":"01\/27\/2015","format":false,"excerpt":"Buy this book for \u00a330.25 [10% discount] including postage and packing. How to use this book Foreword by Pooran Desai Introduction by Jane Davidson Part One: A Call for Change We have only one planet - a manifesto for a change in attitude to land and planning Part Two: Steps\u2026","rel":"","context":"Similar post","img":{"alt_text":"","src":"https:\/\/i0.wp.com\/theoneplanetlife.com\/wp-content\/uploads\/2015\/01\/one-planet-living-cover-final-web-300x208.jpg?resize=350%2C200&ssl=1","width":350,"height":200},"classes":[]},{"id":563,"url":"https:\/\/theoneplanetlife.com\/cy\/courses\/workshops-in-one-planet-development\/","url_meta":{"origin":70,"position":1},"title":"Workshops and courses in One Planet Development","date":"01\/07\/2020","format":false,"excerpt":"For all those who dream of low impact living in a zero carbon home, working the land and helping to heal nature. We offer an online course in One Planet Development, how to produce a management plan for the planning application, and how to look for land. Unfortunately we are\u2026","rel":"","context":"Similar post","img":{"alt_text":"","src":"","width":0,"height":0},"classes":[]},{"id":557,"url":"https:\/\/theoneplanetlife.com\/cy\/publications\/","url_meta":{"origin":70,"position":2},"title":"Publications","date":"01\/07\/2020","format":false,"excerpt":"One Planet Cities: Sustaining Humanity within Planetary Limits How can the essential needs of the growing human population be met without breaking the Earth\u2019s already-stretched life-support system? >> More info The One Planet Life: A Blueprint for Low Impact Development A how to book, and a manifesto for a change\u2026","rel":"","context":"Similar post","img":{"alt_text":"","src":"","width":0,"height":0},"classes":[]},{"id":23,"url":"https:\/\/theoneplanetlife.com\/cy\/","url_meta":{"origin":70,"position":3},"title":"Welcome to the One Planet Centre","date":"12\/15\/2014","format":false,"excerpt":"Solutions for the climate and nature emergencies We help organisations of all sizes and individuals to reduce their ecological footprint with our ever-growing information centre of proven solutions, training and capacity building. Guided by science and data, we integrate our work with Well-being and Sustainable Development Goals. We aim to\u2026","rel":"","context":"Similar post","img":{"alt_text":"","src":"","width":0,"height":0},"classes":[]},{"id":17,"url":"https:\/\/theoneplanetlife.com\/cy\/publications\/the-one-planet-life-book\/","url_meta":{"origin":70,"position":4},"title":"The One Planet Life","date":"12\/15\/2014","format":false,"excerpt":"The One Planet Life\u00a0is a guidebook\u00a0for everyone on the path towards a way of life in which we don\u2019t act as if we had more than one planet Earth. It also represents\u00a0a manifesto for a change in attitude towards land use. At 438 pages and with almost\u00a0400 full colour illustrations\u2026","rel":"","context":"With 16 comments","img":{"alt_text":"","src":"","width":0,"height":0},"classes":[]},{"id":572,"url":"https:\/\/theoneplanetlife.com\/cy\/about\/what-we-do\/","url_meta":{"origin":70,"position":5},"title":"What we do","date":"01\/07\/2020","format":false,"excerpt":"We offer consultancy, tools and training to assist individuals and organisations in becoming measurably more sustainable... making a real difference. A comprehensive \u2018one planet\u2019 approach is intended to reduce the impact of your way of life to the level that the planet can provide, and reintroduce more, and more varied,\u2026","rel":"","context":"Similar post","img":{"alt_text":"People thinking outside","src":"https:\/\/i2.wp.com\/theoneplanetlife.com\/wp-content\/uploads\/2020\/01\/eco-thinking.jpg?resize=350%2C200&ssl=1","width":350,"height":200},"classes":[]}],"_links":{"self":[{"href":"https:\/\/theoneplanetlife.com\/cy\/wp-json\/wp\/v2\/pages\/70"}],"collection":[{"href":"https:\/\/theoneplanetlife.com\/cy\/wp-json\/wp\/v2\/pages"}],"about":[{"href":"https:\/\/theoneplanetlife.com\/cy\/wp-json\/wp\/v2\/types\/page"}],"author":[{"embeddable":true,"href":"https:\/\/theoneplanetlife.com\/cy\/wp-json\/wp\/v2\/users\/1"}],"replies":[{"embeddable":true,"href":"https:\/\/theoneplanetlife.com\/cy\/wp-json\/wp\/v2\/comments?post=70"}],"version-history":[{"count":8,"href":"https:\/\/theoneplanetlife.com\/cy\/wp-json\/wp\/v2\/pages\/70\/revisions"}],"predecessor-version":[{"id":1125,"href":"https:\/\/theoneplanetlife.com\/cy\/wp-json\/wp\/v2\/pages\/70\/revisions\/1125"}],"up":[{"embeddable":true,"href":"https:\/\/theoneplanetlife.com\/cy\/wp-json\/wp\/v2\/pages\/2"}],"wp:attachment":[{"href":"https:\/\/theoneplanetlife.com\/cy\/wp-json\/wp\/v2\/media?parent=70"}],"curies":[{"name":"wp","href":"https:\/\/api.w.org\/{rel}","templated":true}]}}