{"id":563,"date":"2020-01-07T12:16:11","date_gmt":"2020-01-07T12:16:11","guid":{"rendered":"http:\/\/theoneplanetlife.com\/?page_id=563"},"modified":"2022-09-07T10:20:51","modified_gmt":"2022-09-07T09:20:51","slug":"workshops-in-one-planet-development","status":"publish","type":"page","link":"https:\/\/theoneplanetlife.com\/cy\/courses\/workshops-in-one-planet-development\/","title":{"rendered":"Gweithdai a chyrsiau mewn Datblygiadau Un Blaned"},"content":{"rendered":"<p><strong>I bawb sy'n breuddwydio am fyw ag effaith isel mewn cartref di-garbon, yn gweithio'r tir a helpu i wella natur.<\/strong><\/p>\n<p>Rydym yn cynnig cyrsiau Datblygiadau Un Blaned am sut i lunio cynllun rheoli ar gyfer cais cynllunio, a sut i edrych am dir.<\/p>\n<p>Gwaetha'r modd nid ydym bellach yn cynnig gweithdai bywyd go iawn.<\/p>\n<p>Gallwch wneud ein cyrsiau yn eich amser eich hun, un modiwl ar y tro. Ceir mwy o fanylion isod.<\/p>\n<h3>Hyfforddiant ar-lein<\/h3>\n<p>The course is suitable whatever stage you are at in your journey; whether you are just thinking about it, or if you have acquired the land. It teaches you how to make a planning application and write a management plan with confidence. We will also look at your existing management plan draft.<\/p>\n<p>Ar Zoom, fe'ch siaredir drwy fodiwl a chewch un neu ddau ymarfer syml a hwyliog i'ch helpu i ddelweddu a datblygu eich cynlluniau.<\/p>\n<p>Wedi i chi gwblhau'r dasg ceir sesiwn arall ar zoom. Bydd Mark yn rhoi adborth ac yn ateb eich cwestiynau. Yna byddwch yn cael y modiwl nesaf, ac yn y blaen. Ceir sgwrs derfynol ar-lein i wneud yn si\u0175r eich bod yn hapus.<\/p>\n<p>Dyma'r pynciau a drafodir:<\/p>\n<ul>\n<li class=\"\">Y cyd-destun ar gyfer OPD (amgylcheddol, deddfwriaethol, cynllunio), y prif ofynion a'r system gynllunio<\/li>\n<li class=\"\">Y gofynion ac amlinelliad o'r cynllunio rheoli; integreiddio cymunedol; yr anghenion gofynnol; ffurflen \u00f4l troed ecolegol.<\/li>\n<li class=\"\">Beth yw eich busnes tir? Opsiynau, enghreifftiau, rheoli busnes, marchnata: ymarfer a thrafodaeth.<\/li>\n<li class=\"\">Beth yw adeiladu carbon sero? cyflwyniad ac ymarfer dylunio adeilad<\/li>\n<li class=\"\">Beth yw'r opsiynau ynni adnewyddadwy? cyflwyniad a thrafodaeth<\/li>\n<li class=\"\">Opsiynau ynghylch prosesu gwastraff, cyflenwad d\u0175r a thrin carthffosiaeth l\u0175p cae\u00ebdig<\/li>\n<li class=\"\">Opsiynau cludiant: cyflwyniad a thrafodaeth<\/li>\n<li class=\"\">Dewis &amp; gwerthuso tir priodol: cyflwyniad ac ymarfer cynllunio tir<\/li>\n<li class=\"\">Ychwanegiadau dewisol: Y rhagolygon ar gyfer clystyrau 'un blaned' a phentrefi \u00e2 chartrefi fforddiadwy, cyflogaeth gynaliadwy a chyfleoedd hyfforddi, yn cael eu harwain gan ymddiriedolaeth gymunedol newydd rydym wedi'i sefydlu.<\/li>\n<li class=\"\">Cwestiynau i gloi am gynlluniau rheoli a thrafodaeth am gynlluniau'r dyfodol.<\/li>\n<\/ul>\n<p>The entire course costs \u00a380 for one person, \u00a345 each for a couple. If you can&#8217;t afford it, discounts are available. <a href=\"https:\/\/theoneplanetlife.com\/cy\/services\/contact-us\/\">Cysylltwch<\/a> am fwy o fanylion.<\/p>\n<p class=\" translation-block\">Llyfr cwrs allweddol yw <a href=\"https:\/\/theoneplanetlife.com\/cy\/the-one-planet-life-book\/\" target=\"_self\"><em>The One Planet Life: A Blueprint for Low Impact Development<\/em><\/a>, gan arweinydd y gweithdy David Thorpe.<\/p>\n<p>I gofrestru, trosglwyddwch y swm priodol drwy BACS (trosglwyddiad banc) i: The One Planet Centre Community Interest Company<br \/>\nCod didoli: 089299<br \/>\nRhif y cyfrif: 65893838<br \/>\nCyfrif Community Direct Plus y Co-operative Bank.<br \/>\nYn y blwch cyfeirnod rhowch: OPDOC<\/p>\n<p>Yna anfonwch e-bost at <a href=\"mailto:david@theoneplanetlife.com\">david@theoneplanetlife.com<\/a> i roi gwybod i ni.<\/p>\n<p>We can also critique your existing management plan draft for \u00a350 per hour.<\/p>","protected":false},"excerpt":{"rendered":"<p>For all those who dream of low impact living in a zero carbon home, working the land and helping to heal nature. We offer an online course in One Planet Development, how to produce a management plan for the planning&#8230; <a class=\"more-link\" href=\"https:\/\/theoneplanetlife.com\/cy\/courses\/workshops-in-one-planet-development\/\">Continue Reading &rarr;<\/a><\/p>","protected":false},"author":1,"featured_media":0,"parent":185,"menu_order":4,"comment_status":"closed","ping_status":"closed","template":"","meta":{"spay_email":""},"jetpack_shortlink":"https:\/\/wp.me\/P8HWPV-95","jetpack-related-posts":[{"id":185,"url":"https:\/\/theoneplanetlife.com\/cy\/courses\/","url_meta":{"origin":563,"position":0},"title":"Courses","date":"07\/13\/2017","format":false,"excerpt":"At present we are only offering online training and support. Please enquire here, telling us what you need. The One Planet Governance Post-Graduate Certificate is available via distance learning. There is an online course in one planet development. With the online training students can work at their own pace through\u2026","rel":"","context":"Similar post","img":{"alt_text":"","src":"","width":0,"height":0},"classes":[]},{"id":778,"url":"https:\/\/theoneplanetlife.com\/cy\/the-science-of-one-planet-living\/one-planet-development-in-wales\/","url_meta":{"origin":563,"position":1},"title":"One Planet Development in Wales","date":"11\/23\/2020","format":false,"excerpt":"Something special is happening in Wales. The country is using legislation to shift itself into a very different direction from England. The Welsh Government has said that it wants to be more sustainable, by reducing its \u2018ecological footprint\u2019 to a level that\u2019s fair compared to the rest of the planet\u2019s\u2026","rel":"","context":"Similar post","img":{"alt_text":"David Thorpe's book about the One Planet Development policy in action","src":"https:\/\/i2.wp.com\/www.lowimpact.org\/wp-content\/uploads\/footprints5.jpg?resize=350%2C200&ssl=1","width":350,"height":200},"classes":[]},{"id":568,"url":"https:\/\/theoneplanetlife.com\/cy\/courses\/other-online-courses\/","url_meta":{"origin":563,"position":2},"title":"Other online courses","date":"01\/07\/2020","format":false,"excerpt":"Besides courses in One Planet Development we also offer online training in the following subjects; students can work at their own pace, and the end result is a certificate (if needed). Please enquire here. Costs vary according to your needs and are always affordable. Jasmine Dale offers: Training and mentoring\u2026","rel":"","context":"Similar post","img":{"alt_text":"","src":"","width":0,"height":0},"classes":[]},{"id":898,"url":"https:\/\/theoneplanetlife.com\/cy\/the-science-of-one-planet-living\/faqs\/","url_meta":{"origin":563,"position":3},"title":"FAQs","date":"07\/14\/2021","format":false,"excerpt":"Here are some answers to our frequently asked questions. If you have one that is not covered here, do get in touch, read the book, or come on a course. Click on the question to get the answer! One Planet Development FAQs","rel":"","context":"Similar post","img":{"alt_text":"Our ecological footprint per person","src":"https:\/\/i1.wp.com\/theoneplanetlife.com\/wp-content\/uploads\/2021\/07\/ecological-footprint-per-person-1.jpg?resize=350%2C200&ssl=1","width":350,"height":200},"classes":[]},{"id":60,"url":"https:\/\/theoneplanetlife.com\/cy\/publications\/the-one-planet-life-book\/contents\/","url_meta":{"origin":563,"position":4},"title":"Contents","date":"01\/27\/2015","format":false,"excerpt":"Buy this book for \u00a330.25 [10% discount] including postage and packing. How to use this book Foreword by Pooran Desai Introduction by Jane Davidson Part One: A Call for Change We have only one planet - a manifesto for a change in attitude to land and planning Part Two: Steps\u2026","rel":"","context":"Similar post","img":{"alt_text":"","src":"https:\/\/i0.wp.com\/theoneplanetlife.com\/wp-content\/uploads\/2015\/01\/one-planet-living-cover-final-web-300x208.jpg?resize=350%2C200&ssl=1","width":350,"height":200},"classes":[]},{"id":393,"url":"https:\/\/theoneplanetlife.com\/cy\/about\/","url_meta":{"origin":563,"position":5},"title":"About","date":"06\/27\/2019","format":false,"excerpt":"The One Planet Centre The Centre is a not-for-profit Community Interest Company (company no. 12510450), and a network of practitioners and researchers dedicated to scaling up 'one planet' living. We are based in South Wales, UK, a part of the world actively supporting this approach. We can do anything we\u2026","rel":"","context":"Similar post","img":{"alt_text":"","src":"","width":0,"height":0},"classes":[]}],"_links":{"self":[{"href":"https:\/\/theoneplanetlife.com\/cy\/wp-json\/wp\/v2\/pages\/563"}],"collection":[{"href":"https:\/\/theoneplanetlife.com\/cy\/wp-json\/wp\/v2\/pages"}],"about":[{"href":"https:\/\/theoneplanetlife.com\/cy\/wp-json\/wp\/v2\/types\/page"}],"author":[{"embeddable":true,"href":"https:\/\/theoneplanetlife.com\/cy\/wp-json\/wp\/v2\/users\/1"}],"replies":[{"embeddable":true,"href":"https:\/\/theoneplanetlife.com\/cy\/wp-json\/wp\/v2\/comments?post=563"}],"version-history":[{"count":36,"href":"https:\/\/theoneplanetlife.com\/cy\/wp-json\/wp\/v2\/pages\/563\/revisions"}],"predecessor-version":[{"id":1131,"href":"https:\/\/theoneplanetlife.com\/cy\/wp-json\/wp\/v2\/pages\/563\/revisions\/1131"}],"up":[{"embeddable":true,"href":"https:\/\/theoneplanetlife.com\/cy\/wp-json\/wp\/v2\/pages\/185"}],"wp:attachment":[{"href":"https:\/\/theoneplanetlife.com\/cy\/wp-json\/wp\/v2\/media?parent=563"}],"curies":[{"name":"wp","href":"https:\/\/api.w.org\/{rel}","templated":true}]}}